{"id":613,"date":"2020-12-17T12:24:22","date_gmt":"2020-12-17T12:24:22","guid":{"rendered":"https:\/\/www.lop-photography.com\/?page_id=613"},"modified":"2022-06-22T15:14:50","modified_gmt":"2022-06-22T15:14:50","slug":"dein-shooting-links","status":"publish","type":"page","link":"https:\/\/www.lop-photography.com\/?page_id=613","title":{"rendered":"DEIN SHOOTING \/ LINKS"},"content":{"rendered":"<h5>Du hast ein Shooting mit Limits of Perception Photography. Bestimmt wurde Dir telefonisch das ein oder andere mit Dir telefonisch besprochen und ist in Vergessenheit geraten. Du hast vielleicht&nbsp; die ein oder andere Frage die ich hier zusammengefasst beantworte:<\/h5>\n<p>&nbsp;<\/p>\n<table style=\"height: 2519px; width: 100%; border-collapse: collapse;\">\n<tbody>\n<tr style=\"height: 187px;\">\n<td style=\"width: 25.8974%; vertical-align: top; height: 187px;\">\n<h4 style=\"text-align: left;\"><strong>Makeup:<\/strong><\/h4>\n<\/td>\n<td style=\"width: 74.1026%; height: 187px; vertical-align: top;\">\n<h5>Bei Makeup ist weniger mehr &#8211; es sei denn es wurde anders abgesprochen. Die verwendeten Objektive geben sehr viel Detail wieder, daher bitte vorsichtig und dezent auftragen.<\/h5>\n<\/td>\n<\/tr>\n<tr style=\"height: 453px;\">\n<td style=\"width: 25.8974%; height: 453px; text-align: left; vertical-align: top;\">\n<h4 style=\"text-align: left;\"><strong>Kleidung:<\/strong><\/h4>\n<\/td>\n<td style=\"width: 74.1026%; height: 453px; vertical-align: top;\">\n<h5 style=\"text-align: left;\">Die Kleidung bzw. die Farbe sollte mit mir abgesprochen werden. Bestimmte Farben k\u00f6nnen ein Bild langweilig, blass oder dunkel wirken lassen. Hier ist es wichtig sich farblich auf Hintergrund, Haut und Haarfarbe und Makeup abzustimmen, damit eine optische Atmosph\u00e4re entstehen kann (Kontrast \/ Licht \/ Schatten). Ebenfalls ist es wichtig sich das die Kleidung zum jeweiligen Typen abgestimmt wird. Jeder hat seine guten und schlechten&nbsp; Seiten und wollen das ein oder andere betonen und \/oder kaschieren.<\/h5>\n<\/td>\n<\/tr>\n<tr style=\"height: 187px;\">\n<td style=\"width: 25.8974%; height: 187px; text-align: left; vertical-align: top;\">\n<h4><strong>Uhrzeit:<\/strong><\/h4>\n<\/td>\n<td style=\"width: 74.1026%; height: 187px; vertical-align: top;\">\n<h5>Licht ist einer der wichtigsten Bestandteile der Fotografie. Du solltest Dich an die vereinbarten Uhrzeiten halten wenn es sich um ein Outdoorshooting handelt. Es ist entscheidend von wo und welchen Winkel das Licht kommt.<\/h5>\n<\/td>\n<\/tr>\n<tr style=\"height: 54px;\">\n<td style=\"width: 25.8974%; height: 54px;\">&nbsp;<\/td>\n<td style=\"width: 74.1026%; height: 54px;\">&nbsp;<\/td>\n<\/tr>\n<tr style=\"height: 387px;\">\n<td style=\"width: 25.8974%; text-align: left; vertical-align: top; height: 387px;\">\n<h4><strong>Verlauf eines Shootings:<\/strong><\/h4>\n<\/td>\n<td style=\"width: 74.1026%; height: 387px; vertical-align: top;\">\n<h5>Am Anfang werde ich das Equipment aufbauen und die Kamera und Lichtsysteme auf das Shooting abstimmen. Dabei werde ich ein paar Bilder von Dir machen &#8211; die sogenannte &#8222;Aufw\u00e4rm und Kennenlernphase&#8220;.Dann geht das Shooting los. W\u00e4hren des Shootings werde ich Dir auch hin und wieder einige Bilder vom Screen der Kamera zeigen und die Location wechseln bis zum Ende des Shootings.<\/h5>\n<\/td>\n<\/tr>\n<tr style=\"height: 487px;\">\n<td style=\"width: 25.8974%; text-align: left; vertical-align: top; height: 487px;\">\n<h4><strong>Bearbeitung und Auslieferung:<\/strong><\/h4>\n<\/td>\n<td style=\"width: 74.1026%; height: 487px; vertical-align: top;\">\n<h5>Die Bilder werden laut AGBs bearbeitet. Das hei\u00dft ich werde eine Vorauswahl treffen und Dir (falls nicht anders vereinbart) eine bestimmte Auswahl an Bildern&nbsp; zur Verf\u00fcgung stellen. So kannst Du Dich entscheiden ob und falls Du was ge\u00e4ndert haben m\u00f6chtest.<\/h5>\n<h5>Sobald die Bilder fertig sind erh\u00e4ltst Du 2 sicher verschl\u00fcsselte Links mit ZIP Dateien. Eines enth\u00e4lt sogenannte TIFF Dateien (die beste Bildqualit\u00e4t die m\u00f6glich ist). Diese Dateien sind unkomprimiert und am besten f\u00fcr Ausdrucke geeignet z.B. auf Leinwand \/ hinter Acrylglas etc&#8230; Das andere Paket enth\u00e4lt JPG Dateien. Diese kannst Du f\u00fcr Facebook, Wazapp etc.&nbsp;<\/h5>\n<\/td>\n<\/tr>\n<\/tbody>\n<\/table>\n\n\n<p><\/p>\n","protected":false},"excerpt":{"rendered":"<p>Du hast ein Shooting mit Limits of Perception Photography. Bestimmt wurde Dir telefonisch das ein oder andere mit Dir telefonisch besprochen und ist in Vergessenheit geraten. Du hast vielleicht&nbsp; die ein oder andere Frage die ich hier zusammengefasst beantworte: &nbsp; Makeup: Bei Makeup ist weniger mehr &#8211; es sei denn es wurde anders abgesprochen. Die&hellip;&nbsp;<a href=\"https:\/\/www.lop-photography.com\/?page_id=613\" rel=\"bookmark\">Weiterlesen &raquo;<span class=\"screen-reader-text\">DEIN SHOOTING \/ LINKS<\/span><\/a><\/p>\n","protected":false},"author":1,"featured_media":0,"parent":0,"menu_order":0,"comment_status":"closed","ping_status":"closed","template":"","meta":{"neve_meta_sidebar":"full-width","neve_meta_container":"contained","neve_meta_enable_content_width":"on","neve_meta_content_width":100,"neve_meta_title_alignment":"center","neve_meta_author_avatar":"","neve_post_elements_order":"","neve_meta_disable_header":"","neve_meta_disable_footer":"","neve_meta_disable_title":"","ngg_post_thumbnail":0,"footnotes":""},"class_list":["post-613","page","type-page","status-publish","hentry"],"yoast_head":"<!-- This site is optimized with the Yoast SEO plugin v27.4 - https:\/\/yoast.com\/product\/yoast-seo-wordpress\/ -->\n<title>DEIN SHOOTING \/ LINKS - Limits of Perception Photography<\/title>\n<meta name=\"robots\" content=\"index, follow, max-snippet:-1, max-image-preview:large, max-video-preview:-1\" \/>\n<link rel=\"canonical\" href=\"https:\/\/www.lop-photography.com\/?page_id=613\" \/>\n<meta property=\"og:locale\" content=\"de_DE\" \/>\n<meta property=\"og:type\" content=\"article\" \/>\n<meta property=\"og:title\" content=\"DEIN SHOOTING \/ LINKS - Limits of Perception Photography\" \/>\n<meta property=\"og:description\" content=\"Du hast ein Shooting mit Limits of Perception Photography. Bestimmt wurde Dir telefonisch das ein oder andere mit Dir telefonisch besprochen und ist in Vergessenheit geraten. Du hast vielleicht&nbsp; die ein oder andere Frage die ich hier zusammengefasst beantworte: &nbsp; Makeup: Bei Makeup ist weniger mehr &#8211; es sei denn es wurde anders abgesprochen. Die&hellip;&nbsp;Weiterlesen &raquo;DEIN SHOOTING \/ LINKS\" \/>\n<meta property=\"og:url\" content=\"https:\/\/www.lop-photography.com\/?page_id=613\" \/>\n<meta property=\"og:site_name\" content=\"Limits of Perception Photography\" \/>\n<meta property=\"article:publisher\" content=\"https:\/\/m.facebook.com\/photographyffm\/\" \/>\n<meta property=\"article:modified_time\" content=\"2022-06-22T15:14:50+00:00\" \/>\n<meta name=\"twitter:card\" content=\"summary_large_image\" \/>\n<meta name=\"twitter:label1\" content=\"Gesch\u00e4tzte Lesezeit\" \/>\n\t<meta name=\"twitter:data1\" content=\"2\u00a0Minuten\" \/>\n<script type=\"application\/ld+json\" class=\"yoast-schema-graph\">{\"@context\":\"https:\\\/\\\/schema.org\",\"@graph\":[{\"@type\":\"WebPage\",\"@id\":\"https:\\\/\\\/www.lop-photography.com\\\/?page_id=613\",\"url\":\"https:\\\/\\\/www.lop-photography.com\\\/?page_id=613\",\"name\":\"DEIN SHOOTING \\\/ LINKS - Limits of Perception Photography\",\"isPartOf\":{\"@id\":\"https:\\\/\\\/www.lop-photography.com\\\/#website\"},\"datePublished\":\"2020-12-17T12:24:22+00:00\",\"dateModified\":\"2022-06-22T15:14:50+00:00\",\"breadcrumb\":{\"@id\":\"https:\\\/\\\/www.lop-photography.com\\\/?page_id=613#breadcrumb\"},\"inLanguage\":\"de\",\"potentialAction\":[{\"@type\":\"ReadAction\",\"target\":[\"https:\\\/\\\/www.lop-photography.com\\\/?page_id=613\"]}]},{\"@type\":\"BreadcrumbList\",\"@id\":\"https:\\\/\\\/www.lop-photography.com\\\/?page_id=613#breadcrumb\",\"itemListElement\":[{\"@type\":\"ListItem\",\"position\":1,\"name\":\"Startseite\",\"item\":\"https:\\\/\\\/www.lop-photography.com\\\/\"},{\"@type\":\"ListItem\",\"position\":2,\"name\":\"DEIN SHOOTING \\\/ LINKS\"}]},{\"@type\":\"WebSite\",\"@id\":\"https:\\\/\\\/www.lop-photography.com\\\/#website\",\"url\":\"https:\\\/\\\/www.lop-photography.com\\\/\",\"name\":\"Limits of Perception Photography\",\"description\":\"Ihr Fotograf f\u00fcr den Raum G\u00f6ttingen\",\"publisher\":{\"@id\":\"https:\\\/\\\/www.lop-photography.com\\\/#organization\"},\"potentialAction\":[{\"@type\":\"SearchAction\",\"target\":{\"@type\":\"EntryPoint\",\"urlTemplate\":\"https:\\\/\\\/www.lop-photography.com\\\/?s={search_term_string}\"},\"query-input\":{\"@type\":\"PropertyValueSpecification\",\"valueRequired\":true,\"valueName\":\"search_term_string\"}}],\"inLanguage\":\"de\"},{\"@type\":\"Organization\",\"@id\":\"https:\\\/\\\/www.lop-photography.com\\\/#organization\",\"name\":\"Limits of Perception Photography\",\"url\":\"https:\\\/\\\/www.lop-photography.com\\\/\",\"logo\":{\"@type\":\"ImageObject\",\"inLanguage\":\"de\",\"@id\":\"https:\\\/\\\/www.lop-photography.com\\\/#\\\/schema\\\/logo\\\/image\\\/\",\"url\":\"https:\\\/\\\/www.lop-photography.com\\\/wp-content\\\/uploads\\\/2020\\\/12\\\/cropped-Limits-of-Perceptionj-Logo-schwarz-vector-e1607801569299.png\",\"contentUrl\":\"https:\\\/\\\/www.lop-photography.com\\\/wp-content\\\/uploads\\\/2020\\\/12\\\/cropped-Limits-of-Perceptionj-Logo-schwarz-vector-e1607801569299.png\",\"width\":512,\"height\":512,\"caption\":\"Limits of Perception Photography\"},\"image\":{\"@id\":\"https:\\\/\\\/www.lop-photography.com\\\/#\\\/schema\\\/logo\\\/image\\\/\"},\"sameAs\":[\"https:\\\/\\\/m.facebook.com\\\/photographyffm\\\/\",\"https:\\\/\\\/www.instagram.com\\\/limitsofperceptionphotography\\\/\"]}]}<\/script>\n<!-- \/ Yoast SEO plugin. -->","yoast_head_json":{"title":"DEIN SHOOTING \/ LINKS - Limits of Perception Photography","robots":{"index":"index","follow":"follow","max-snippet":"max-snippet:-1","max-image-preview":"max-image-preview:large","max-video-preview":"max-video-preview:-1"},"canonical":"https:\/\/www.lop-photography.com\/?page_id=613","og_locale":"de_DE","og_type":"article","og_title":"DEIN SHOOTING \/ LINKS - Limits of Perception Photography","og_description":"Du hast ein Shooting mit Limits of Perception Photography. Bestimmt wurde Dir telefonisch das ein oder andere mit Dir telefonisch besprochen und ist in Vergessenheit geraten. Du hast vielleicht&nbsp; die ein oder andere Frage die ich hier zusammengefasst beantworte: &nbsp; Makeup: Bei Makeup ist weniger mehr &#8211; es sei denn es wurde anders abgesprochen. Die&hellip;&nbsp;Weiterlesen &raquo;DEIN SHOOTING \/ LINKS","og_url":"https:\/\/www.lop-photography.com\/?page_id=613","og_site_name":"Limits of Perception Photography","article_publisher":"https:\/\/m.facebook.com\/photographyffm\/","article_modified_time":"2022-06-22T15:14:50+00:00","twitter_card":"summary_large_image","twitter_misc":{"Gesch\u00e4tzte Lesezeit":"2\u00a0Minuten"},"schema":{"@context":"https:\/\/schema.org","@graph":[{"@type":"WebPage","@id":"https:\/\/www.lop-photography.com\/?page_id=613","url":"https:\/\/www.lop-photography.com\/?page_id=613","name":"DEIN SHOOTING \/ LINKS - Limits of Perception Photography","isPartOf":{"@id":"https:\/\/www.lop-photography.com\/#website"},"datePublished":"2020-12-17T12:24:22+00:00","dateModified":"2022-06-22T15:14:50+00:00","breadcrumb":{"@id":"https:\/\/www.lop-photography.com\/?page_id=613#breadcrumb"},"inLanguage":"de","potentialAction":[{"@type":"ReadAction","target":["https:\/\/www.lop-photography.com\/?page_id=613"]}]},{"@type":"BreadcrumbList","@id":"https:\/\/www.lop-photography.com\/?page_id=613#breadcrumb","itemListElement":[{"@type":"ListItem","position":1,"name":"Startseite","item":"https:\/\/www.lop-photography.com\/"},{"@type":"ListItem","position":2,"name":"DEIN SHOOTING \/ LINKS"}]},{"@type":"WebSite","@id":"https:\/\/www.lop-photography.com\/#website","url":"https:\/\/www.lop-photography.com\/","name":"Limits of Perception Photography","description":"Ihr Fotograf f\u00fcr den Raum G\u00f6ttingen","publisher":{"@id":"https:\/\/www.lop-photography.com\/#organization"},"potentialAction":[{"@type":"SearchAction","target":{"@type":"EntryPoint","urlTemplate":"https:\/\/www.lop-photography.com\/?s={search_term_string}"},"query-input":{"@type":"PropertyValueSpecification","valueRequired":true,"valueName":"search_term_string"}}],"inLanguage":"de"},{"@type":"Organization","@id":"https:\/\/www.lop-photography.com\/#organization","name":"Limits of Perception Photography","url":"https:\/\/www.lop-photography.com\/","logo":{"@type":"ImageObject","inLanguage":"de","@id":"https:\/\/www.lop-photography.com\/#\/schema\/logo\/image\/","url":"https:\/\/www.lop-photography.com\/wp-content\/uploads\/2020\/12\/cropped-Limits-of-Perceptionj-Logo-schwarz-vector-e1607801569299.png","contentUrl":"https:\/\/www.lop-photography.com\/wp-content\/uploads\/2020\/12\/cropped-Limits-of-Perceptionj-Logo-schwarz-vector-e1607801569299.png","width":512,"height":512,"caption":"Limits of Perception Photography"},"image":{"@id":"https:\/\/www.lop-photography.com\/#\/schema\/logo\/image\/"},"sameAs":["https:\/\/m.facebook.com\/photographyffm\/","https:\/\/www.instagram.com\/limitsofperceptionphotography\/"]}]}},"jetpack_sharing_enabled":true,"_links":{"self":[{"href":"https:\/\/www.lop-photography.com\/index.php?rest_route=\/wp\/v2\/pages\/613","targetHints":{"allow":["GET"]}}],"collection":[{"href":"https:\/\/www.lop-photography.com\/index.php?rest_route=\/wp\/v2\/pages"}],"about":[{"href":"https:\/\/www.lop-photography.com\/index.php?rest_route=\/wp\/v2\/types\/page"}],"author":[{"embeddable":true,"href":"https:\/\/www.lop-photography.com\/index.php?rest_route=\/wp\/v2\/users\/1"}],"replies":[{"embeddable":true,"href":"https:\/\/www.lop-photography.com\/index.php?rest_route=%2Fwp%2Fv2%2Fcomments&post=613"}],"version-history":[{"count":11,"href":"https:\/\/www.lop-photography.com\/index.php?rest_route=\/wp\/v2\/pages\/613\/revisions"}],"predecessor-version":[{"id":826,"href":"https:\/\/www.lop-photography.com\/index.php?rest_route=\/wp\/v2\/pages\/613\/revisions\/826"}],"wp:attachment":[{"href":"https:\/\/www.lop-photography.com\/index.php?rest_route=%2Fwp%2Fv2%2Fmedia&parent=613"}],"curies":[{"name":"wp","href":"https:\/\/api.w.org\/{rel}","templated":true}]}}