{"id":287,"date":"2020-12-13T11:26:25","date_gmt":"2020-12-13T11:26:25","guid":{"rendered":"http:\/\/lop-photography.com\/agb\/"},"modified":"2020-12-14T13:30:42","modified_gmt":"2020-12-14T13:30:42","slug":"agb","status":"publish","type":"page","link":"https:\/\/www.lop-photography.com\/?page_id=287","title":{"rendered":"AGB"},"content":{"rendered":"\n<h5 class=\"font_8\" style=\"text-align: center;\">Allgemeine Gesch\u00e4ftsbedingungen<\/h5>\n<h5> <\/h5>\n<h5 class=\"font_8\">All\u00adge\u00admeines<\/h5>\n<h5> <\/h5>\n<ol class=\"font_8 wp-block-list\">\n \t<li>\n<h5>Die nach\u00adfol\u00adgen\u00adden all\u00adge\u00admeinen Gesch\u00e4fts\u00adbe\u00addin\u00adgun\u00adgen (im Fol\u00adgen\u00adden \u201eAGB\u201c genannt) gel\u00adten f\u00fcr alle dem Fotografen erteil\u00adten Auftr\u00e4ge. Sie gel\u00adten als vere\u00adin\u00adbart, wenn ihnen nicht umge\u00adhend wider\u00adsprochen wird. Wenn der Kunde den AGB wider\u00adsprechen will, ist dieses schriftlich bin\u00adnen drei Werk\u00adta\u00adgen zu erk\u00adl\u00e4ren. Abwe\u00adichen\u00adden Gesch\u00e4fts\u00adbe\u00addin\u00adgun\u00adgen des Kun\u00adden wird hier\u00admit wider\u00adsprochen. Abwe\u00adichende Gesch\u00e4fts\u00adbe\u00addin\u00adgun\u00adgen des Kun\u00adden erlan\u00adgen keine G\u00fcltigkeit, es sei denn, dass der Fotograf diese schriftlich anerkennt<\/h5>\n<\/li>\n \t<li>\n<h5>\u201cLicht\u00adbilder\u201d im Sinne dieser AGB sind alle vom Fotografen hergestell\u00adten Pro\u00addukte, gle\u00adich in welcher Form oder auf welchem Medium sie erstellt wur\u00adden oder vor\u00adliegen. (Daten auf CD, Fach\u00adabz\u00fcge usw.)<\/h5>\n<\/li>\n<\/ol>\n<h5> <\/h5>\n<h5 class=\"font_8\">II. Urhe\u00adber\u00adrecht<\/h5>\n<h5> <\/h5>\n<ol class=\"font_8 wp-block-list\">\n \t<li>\n<h5>Das Urhe\u00adber\u00adrecht der Licht\u00adbilder liegt immer beim Fotografen.<\/h5>\n<\/li>\n \t<li>\n<h5>Die vom Fotografen hergestell\u00adten Licht\u00adbilder sind grund\u00ads\u00e4t\u00adzlich nur f\u00fcr den eige\u00adnen pri\u00advaten Gebrauch des Auf\u00adtragge\u00adbers bes\u00adtimmt, sofern dies nicht aus\u00addr\u00fcck\u00adlich anders schriftlich vere\u00adin\u00adbart&nbsp;wurde.<\/h5>\n<\/li>\n \t<li>\n<h5>\u00dcbertr\u00e4gt der Fotograf Nutzungsrechte an seinen Werken, ist \u2013 sofern nicht aus\u00addr\u00fcck\u00adlich etwas anderes vere\u00adin\u00adbart wurde \u2013 jew\u00adeils nur das ein\u00adfache Nutzungsrecht \u00fcber\u00adtra\u00adgen, eine Weit\u00ader\u00adgabe von Nutzungsrechten bedarf der beson\u00adderen Vereinbarung.<\/h5>\n<\/li>\n \t<li>\n<h5>Die Nutzungsrechte gehen erst \u00fcber nach voll\u00adst\u00e4ndi\u00adger Bezahlung des Hon\u00ado\u00adrars an den Fotografen.<\/h5>\n<\/li>\n \t<li>\n<h5>Der Auf\u00adtragge\u00adber hat kein Recht, das Licht\u00adbild zu vervielf\u00e4lti\u00adgen und zu ver\u00adbre\u00aditen, wenn nicht die entsprechen\u00adden Nutzungsrechte \u00fcber\u00adtra\u00adgen wor\u00adden&nbsp;sind.<\/h5>\n<\/li>\n \t<li>\n<h5>Bei der Ver\u00adwen\u00addung der Licht\u00adbilder in Online\u2013 und Print\u00adme\u00addien (f\u00fcr den pri\u00advaten Gebrauch)&nbsp; ist der Fotograf, als Urhe\u00adber des Licht\u00adbildes zu nen\u00adnen. Eine Ver\u00adlet\u00adzung des Rechts auf Namen\u00adsnen\u00adnung berechtigt den Fotografen zum Schadensersatz.<\/h5>\n<\/li>\n \t<li>\n<h5>Die Roh-Daten verbleiben beim Fotografen. Eine Her\u00adaus\u00adgabe der Roh-Daten (unbear\u00adbeit\u00adete Bilder) an den Auf\u00adtragge\u00adber erfolgt grund\u00ads\u00e4t\u00adzlich&nbsp;nicht.<\/h5>\n<\/li>\n<\/ol>\n<h5> <\/h5>\n<h5 class=\"font_8\">III. Verg\u00fc\u00adtung, Eigentumsvorbehalt<\/h5>\n<h5> <\/h5>\n<ol class=\"font_8 wp-block-list\">\n \t<li>\n<h5>F\u00fcr die Her\u00adstel\u00adlung der Licht\u00adbilder wird ein Hon\u00ado\u00adrar als Stun\u00adden\u00adsatz, Tages\u00adsatz oder eine vere\u00adin\u00adbarte Pauschale erhoben, Nebenkosten wie Reisekosten, Spe\u00adsen, Req\u00adui\u00adsiten, Stu\u00addiomi\u00adeten etc. sind sofern nicht anders vere\u00adin\u00adbart, vom Auf\u00adtragge\u00adber zu tragen.<\/h5>\n<\/li>\n \t<li>\n<h5>Soweit der Fotograf Kosten\u00advo\u00adran\u00adschl\u00e4ge erstellt, sind diese unverbindlich. Treten w\u00e4hrend der Pro\u00adduk\u00adtion Kosten\u00ader\u00adh\u00f6hun\u00adgen ein, sind diese vom Fotografen anzuzeigen. Wird die vorge\u00adse\u00adhene Pro\u00adduk\u00adtion\u00adszeit aus Gr\u00fcn\u00adden \u00fcber\u00adschrit\u00adten, die der Fotograf nicht zu vertreten hat, so ist eine zus\u00e4t\u00adzliche Verg\u00fc\u00adtung auf der Grund\u00adlage des vere\u00adin\u00adbarten Zei\u00adthono\u00adrars bzw. in Form einer angemesse\u00adnen Erh\u00f6hung des Pauschal\u00adhono\u00adrars zu leisten.<\/h5>\n<\/li>\n \t<li>\n<h5>Die Zahlung erfolgt per Rechnung.<\/h5>\n<\/li>\n \t<li>\n<h5>Bei Terminvereinbarung ist eine Anzahlung in H\u00f6he von 20% f\u00e4llig. Ist der Betrag von 20% unter 60 Euro ist eine Anzahlung von 60 Euro f\u00e4llig.<\/h5>\n<\/li>\n \t<li>\n<h5>F\u00e4l\u00adlige Rech\u00adnun\u00adgen sind sofort und ohne Abzug zu zahlen. Der Auf\u00adtragge\u00adber ger\u00e4t in Verzug, wenn er f\u00e4l\u00adlige Rech\u00adnun\u00adgen nicht sp\u00e4testens vor Antritt des Shootings am&nbsp;gleichen Tage nach Zugang einer Rech\u00adnung oder gle\u00adich\u00adw\u00ader\u00adti\u00adgen Zahlungsauf\u00adforderung begle\u00adicht. Dem Fotografen bleibt vor\u00adbe\u00adhal\u00adten, den Verzug durch Erteilung einer nach F\u00e4l\u00adligkeit zuge\u00adhen\u00adden Mah\u00adnung zu einem fr\u00fcheren Zeit\u00adpunkt herbeizuf\u00fchren.<\/h5>\n<\/li>\n \t<li>\n<h5>Bis zur voll\u00adst\u00e4ndi\u00adgen Bezahlung des Kauf\u00adpreises bleiben die geliefer\u00adten Licht\u00adbilder Eigen\u00adtum und in den H\u00e4n\u00adden des Fotografen.<\/h5>\n<\/li>\n<\/ol>\n<h5> <\/h5>\n<h5 class=\"font_8\">IV. Haf\u00adtung<\/h5>\n<h5> <\/h5>\n<ol class=\"font_8 wp-block-list\">\n \t<li>\n<h5>F\u00fcr die Ver\u00adlet\u00adzung von Pflichten, die nicht in unmittelbarem Zusammenhang&nbsp;mit wesentlichen Vertragspflichten stehen, haftet der Fotograf f\u00fcr sich und seine Erf\u00fcllungsgehilfen&nbsp;nur bei Vor\u00adsatz und grober Fahrl\u00e4s\u00adsigkeit. Er haftet ferner f\u00fcr Sch\u00e4\u00adden aus der Ver\u00adlet\u00adzung des Lebens, des K\u00f6r\u00adpers oder der Gesund\u00adheit sowie aus der Ver\u00adlet\u00adzung wesentlicher Ver\u00adtragspflichten, die er oder seine Erf\u00fcllungsgehilfen&nbsp;durch schuldhafte Pflichtverletzungen&nbsp;her\u00adbeige\u00adf\u00fchrt haben. F\u00fcr Sch\u00e4den&nbsp;an Aufnahmeobjekten&nbsp;, Vor\u00adla\u00adgen, Fil\u00admen, Dis\u00adplays, Lay\u00adouts, Neg\u00ada\u00adtiven oder Daten haftet der Fotograf nur bei Vor\u00adsatz und grober Fahrl\u00e4ssigkeit.<\/h5>\n<\/li>\n \t<li>\n<h5>Der Fotograf ver\u00adwahrt die Daten sorgf\u00e4ltig. Er ist berechtigt, aber nicht verpflichtet, von ihm auf\u00adbe\u00adwahrte Daten nach drei Jahren seit Beendigung&nbsp;des Auf\u00adtrags zu vernichten.<\/h5>\n<\/li>\n \t<li>\n<h5>Der Fotograf haftet f\u00fcr Lichtbest\u00e4ndigkeit und Dauer\u00adhaftigkeit der Lichtbilder&nbsp;nur im Rah\u00admen der Garantieleis\u00adtun\u00adgen der Her\u00adsteller des Fotomaterials.<\/h5>\n<\/li>\n \t<li>\n<h5>Die Zusendung und R\u00fcck\u00adsendung von Dateien, Bildern und Vor\u00adla\u00adgen erfolgt auf Kosten und Gefahr des Auftraggebers.<\/h5>\n<\/li>\n<\/ol>\n<h5> <\/h5>\n<h5 class=\"font_8\">V. Leis\u00adtungsst\u00f6rung, Ausfallhonorar<\/h5>\n<h5> <\/h5>\n<ol class=\"font_8 wp-block-list\">\n \t<li>\n<h5>Nach Vor\u00adsortierung stellt der Fotograf dem Auf\u00adtragge\u00adber einen Link (zum Download verschl\u00fcsselt)&nbsp;f\u00fcr 14 Tage zur Ver\u00adf\u00fc\u00adgung, in welcher sich der Auf\u00adtragge\u00adber die entsprechen\u00adden Licht\u00adbilder zur Bear\u00adbeitung ausw\u00e4hlen kann.<\/h5>\n<\/li>\n \t<li>\n<h5>Nach\u00addem die Auswahl getrof\u00adfen ist, wer\u00adden die Licht\u00adbilder durch den Fotografen voll\u00adst\u00e4ndig bear\u00adbeite. Der Fotograf verpflichtet sich, den Auftrag schnellstm\u00f6glich&nbsp;abzuschlie\u00dfen und die Licht\u00adbilder an den Auftraggeber&nbsp;zu senden.<\/h5>\n<\/li>\n \t<li>\n<h5>Storniert der Auf\u00adtragge\u00adber die Fotografen\u00adbuchung, steht dem Fotografen ein Aus\u00adfall\u00adhono\u00adrar zu. Dies wird wie folgt berech\u00adnet: Storno ab dem 15.&nbsp;Tag nach der Ver\u00adtragsvere\u00adin\u00adbarung: 25%; Storno 3 bis 7 Tage vor dem gebuchten Ter\u00admin 50 %; ab 2 Tagen 100 % der vere\u00adin\u00adbarten Gesamtsumme, auch wenn noch keine Anzahlung geleis\u00adtet&nbsp;wurde. Ist die Summe des&nbsp;in Punkt 3&nbsp;angegebene Wertes in Prozenten unter 60 Euro,&nbsp; ist ein Betrag von 60 Euro als Ausfallhonorar f\u00e4llig.<\/h5>\n<\/li>\n<\/ol>\n<h5> <\/h5>\n<h5 class=\"font_8\">VI. Daten\u00adschutz<\/h5>\n<h5> <\/h5>\n<h5 class=\"font_8\">Zum Gesch\u00e4ftsverkehr erforder\u00adliche per\u00adso\u00adn\u00aden\u00adbe\u00adzo\u00adgene Daten des Auftraggebers&nbsp;k\u00f6n\u00adnen gespe\u00adichert wer\u00adden. Der Fotograf verpflichtet sich im Rahmen des Auftrages&nbsp;bekannt gewor\u00addene Infor\u00adma\u00adtio\u00adnen ver\u00adtraulich zu behandeln.<\/h5>\n<h5> <\/h5>\n<h5 class=\"font_8\">VII. Bild\u00adbear\u00adbeitung<\/h5>\n<h5> <\/h5>\n<ol class=\"font_8 wp-block-list\">\n \t<li>\n<h5>Der Auf\u00adtragge\u00adber kennt den fotografischen&nbsp;und bildgestalterischen Stil des Fotografen und ist sich bewusst, dass seine Lichtbilder in \u00e4hnlichem&nbsp;Stil bear\u00adbeitet werden.<\/h5>\n<\/li>\n \t<li>\n<h5>Die nachtr\u00e4gliche Bear\u00adbeitung von Licht\u00adbildern des Fotografen und ihre Vervielf\u00e4l\u00adti\u00adgung und Ver\u00adbre\u00aditung, dazu z\u00e4hlen auch Umf\u00e4r\u00adbung in SW oder Sepia, nachtr\u00e4gliche Farbbear\u00adbeitung, sowie das Erstellen von Collagen&nbsp;ist nicht ges\u00adtat\u00adtet, es sei denn, es wurde eine geson\u00adderte Vereinbarung&nbsp;getrof\u00adfen.<\/h5>\n<\/li>\n \t<li>\n<h5>Der Auf\u00adtragge\u00adber ist verpflichtet, bei&nbsp;Licht\u00adbilder des Fotografen im Inter\u00adnet elek\u00adtro\u00adn\u00adis\u00adche Verkn\u00fcp\u00adfungen so vorzunehmen, dass der Fotograf als Urhe\u00adber der Bilder klar und eindeutig&nbsp;identifizierbar ist.<\/h5>\n<\/li>\n<\/ol>\n<h5> <\/h5>\n<h5 class=\"font_8\">VIII. Lieferzeiten und Reklamation<\/h5>\n<h5> <\/h5>\n<ol class=\"font_8 wp-block-list\">\n \t<li>\n<h5>Der Fotograf liefert seine Arbeiten zumeist bin\u00adnen 3 Arbeitswochen aus. Bei Hochzeitsreportagen gilt eine Lieferzeit von 6-8 Wochen. Durch Sto\u00dfzeiten kann es zu Verz\u00f6gerun\u00adgen kom\u00admen.&nbsp; Diese betrieb\u00ads\u00adbe\u00add\u00adingten Verz\u00f6gerun\u00adgen, sowie Verz\u00f6gerun\u00adgen&nbsp;durch h\u00f6here Gewalt, Betriebsst\u00f6rungen, von Verz\u00f6gerun\u00adgen seit\u00adens des Labors oder dessen Trans\u00adport\u00adfirma etc. stellen keinen Reklamationsgrund&nbsp;dar. Der Fotograf haftet f\u00fcr Frist\u00fcberschreitungen&nbsp;nur bei Vorsatz&nbsp;und grober Fahrl\u00e4ssigkeit.<\/h5>\n<\/li>\n \t<li>\n<h5>S\u00e4mtliche Arbeiten wer\u00adden vom Fotografen mit der gr\u00f6\u00dft\u00adm\u00f6glichen Sorgfalt und nach bestem K\u00f6n\u00adnen aus\u00adge\u00adf\u00fchrt oder an andere Fir\u00admen weit\u00adergegeben. Rekla\u00adma\u00adtio\u00adnen bei offensichtlichen M\u00e4ngeln&nbsp;m\u00fcssen innerhalb&nbsp;von 7 Tagen schriftlich geltend&nbsp;gemacht werden.&nbsp;Eine Anerkennung&nbsp;ist jedoch nur bei Vor\u00adlage der bean\u00adstande\u00adten Arbeit m\u00f6glich. Bei Nachbestel\u00adlun\u00adgen k\u00f6n\u00adnen sich Farb\u00add\u00adif\u00adferen\u00adzen gegen\u00fcber der Vor\u00adlage oder den Erst\u00adbildern ergeben. Eine Rekla\u00adma\u00adtion ist hierdurch&nbsp;nicht berechtigt.<\/h5>\n<\/li>\n \t<li>\n<h5>Soll\u00adten dig\u00adi\u00adtal erwor\u00adbene Licht\u00adbilder in Eigen\u00adver\u00adant\u00adwor\u00adtung durch den Auf\u00adtragge\u00adber entwickelt\/gedruckt wer\u00adden, so \u00fcbern\u00adimmt der Fotograf hier\u00adf\u00fcr keine Haf\u00adtung f\u00fcr die Qual\u00adit\u00e4t der Ergeb\u00adnisse. Far\u00adbko\u00adr\u00adrekte Abz\u00fcge k\u00f6n\u00adnen \u00fcber den Fotografen erwor\u00adben werden.<\/h5>\n<\/li>\n<\/ol>\n<h5> <\/h5>\n<h5 class=\"font_8\">IX. R\u00fcckgaberecht Downloads<\/h5>\n<h5> <\/h5>\n<ol class=\"font_8 wp-block-list\">\n \t<li>\n<h5>Beim Kauf der Presets werden diese bereits vor Ablauf der 14-t\u00e4gigen R\u00fcckgabefrist zur Verf\u00fcgung gestellt. Der Kunde stimmt diesem ausdr\u00fccklich zu. Eine R\u00fcckgabe ist daher nach Download der Presets nicht mehr m\u00f6glich.<\/h5>\n<\/li>\n<\/ol>\n<h5> <\/h5>\n<h5 class=\"font_8\">X. Schlussbestimmungen<\/h5>\n<h5> <\/h5>\n<h5 class=\"font_8\">Erf\u00fcl\u00adlung\u00adsort f\u00fcr alle Verpflichtungen&nbsp;aus dem Ver\u00adtragsver\u00adh\u00e4lt\u00adnis ist Frankfurt am Main.<\/h5>\n<h5> <\/h5>\n<h5 class=\"font_8\">XI. Sal\u00adva\u00adtorische Klausel<\/h5>\n<h5> <\/h5>\n<h5 class=\"font_8\">Soweit Bedin\u00adgun\u00adgen der oben aufge\u00adf\u00fchrten All\u00adge\u00admeinen Gesch\u00e4fts\u00adbe\u00addin\u00adgun\u00adgen ganz oder teil\u00adweise unwirk\u00adsam sind oder wer\u00adden, sind die \u00fcbri\u00adgen Bedingungen&nbsp;weit\u00ader\u00adhin wirk\u00adsam. Die unwirk\u00adsame Bedin\u00adgung wird durch die geset\u00adzliche Regelung ersetzt.<\/h5>\n","protected":false},"excerpt":{"rendered":"<p>Allgemeine Gesch\u00e4ftsbedingungen All\u00adge\u00admeines Die nach\u00adfol\u00adgen\u00adden all\u00adge\u00admeinen Gesch\u00e4fts\u00adbe\u00addin\u00adgun\u00adgen (im Fol\u00adgen\u00adden \u201eAGB\u201c genannt) gel\u00adten f\u00fcr alle dem Fotografen erteil\u00adten Auftr\u00e4ge. Sie gel\u00adten als vere\u00adin\u00adbart, wenn ihnen nicht umge\u00adhend wider\u00adsprochen wird. Wenn der Kunde den AGB wider\u00adsprechen will, ist dieses schriftlich bin\u00adnen drei Werk\u00adta\u00adgen zu erk\u00adl\u00e4ren. Abwe\u00adichen\u00adden Gesch\u00e4fts\u00adbe\u00addin\u00adgun\u00adgen des Kun\u00adden wird hier\u00admit wider\u00adsprochen. Abwe\u00adichende Gesch\u00e4fts\u00adbe\u00addin\u00adgun\u00adgen des Kun\u00adden erlan\u00adgen&hellip;&nbsp;<a href=\"https:\/\/www.lop-photography.com\/?page_id=287\" rel=\"bookmark\">Weiterlesen &raquo;<span class=\"screen-reader-text\">AGB<\/span><\/a><\/p>\n","protected":false},"author":1,"featured_media":0,"parent":0,"menu_order":0,"comment_status":"closed","ping_status":"closed","template":"","meta":{"neve_meta_sidebar":"","neve_meta_container":"contained","neve_meta_enable_content_width":"","neve_meta_content_width":0,"neve_meta_title_alignment":"center","neve_meta_author_avatar":"","neve_post_elements_order":"","neve_meta_disable_header":"","neve_meta_disable_footer":"","neve_meta_disable_title":"","ngg_post_thumbnail":0,"footnotes":""},"class_list":["post-287","page","type-page","status-publish","hentry"],"yoast_head":"<!-- This site is optimized with the Yoast SEO plugin v27.4 - https:\/\/yoast.com\/product\/yoast-seo-wordpress\/ -->\n<title>AGB - Limits of Perception Photography<\/title>\n<meta name=\"robots\" content=\"index, follow, max-snippet:-1, max-image-preview:large, max-video-preview:-1\" \/>\n<link rel=\"canonical\" href=\"https:\/\/www.lop-photography.com\/?page_id=287\" \/>\n<meta property=\"og:locale\" content=\"de_DE\" \/>\n<meta property=\"og:type\" content=\"article\" \/>\n<meta property=\"og:title\" content=\"AGB - Limits of Perception Photography\" \/>\n<meta property=\"og:description\" content=\"Allgemeine Gesch\u00e4ftsbedingungen All\u00adge\u00admeines Die nach\u00adfol\u00adgen\u00adden all\u00adge\u00admeinen Gesch\u00e4fts\u00adbe\u00addin\u00adgun\u00adgen (im Fol\u00adgen\u00adden \u201eAGB\u201c genannt) gel\u00adten f\u00fcr alle dem Fotografen erteil\u00adten Auftr\u00e4ge. Sie gel\u00adten als vere\u00adin\u00adbart, wenn ihnen nicht umge\u00adhend wider\u00adsprochen wird. Wenn der Kunde den AGB wider\u00adsprechen will, ist dieses schriftlich bin\u00adnen drei Werk\u00adta\u00adgen zu erk\u00adl\u00e4ren. Abwe\u00adichen\u00adden Gesch\u00e4fts\u00adbe\u00addin\u00adgun\u00adgen des Kun\u00adden wird hier\u00admit wider\u00adsprochen. Abwe\u00adichende Gesch\u00e4fts\u00adbe\u00addin\u00adgun\u00adgen des Kun\u00adden erlan\u00adgen&hellip;&nbsp;Weiterlesen &raquo;AGB\" \/>\n<meta property=\"og:url\" content=\"https:\/\/www.lop-photography.com\/?page_id=287\" \/>\n<meta property=\"og:site_name\" content=\"Limits of Perception Photography\" \/>\n<meta property=\"article:publisher\" content=\"https:\/\/m.facebook.com\/photographyffm\/\" \/>\n<meta property=\"article:modified_time\" content=\"2020-12-14T13:30:42+00:00\" \/>\n<meta name=\"twitter:card\" content=\"summary_large_image\" \/>\n<meta name=\"twitter:label1\" content=\"Gesch\u00e4tzte Lesezeit\" \/>\n\t<meta name=\"twitter:data1\" content=\"8\u00a0Minuten\" \/>\n<script type=\"application\/ld+json\" class=\"yoast-schema-graph\">{\"@context\":\"https:\\\/\\\/schema.org\",\"@graph\":[{\"@type\":\"WebPage\",\"@id\":\"https:\\\/\\\/www.lop-photography.com\\\/?page_id=287\",\"url\":\"https:\\\/\\\/www.lop-photography.com\\\/?page_id=287\",\"name\":\"AGB - Limits of Perception Photography\",\"isPartOf\":{\"@id\":\"https:\\\/\\\/www.lop-photography.com\\\/#website\"},\"datePublished\":\"2020-12-13T11:26:25+00:00\",\"dateModified\":\"2020-12-14T13:30:42+00:00\",\"breadcrumb\":{\"@id\":\"https:\\\/\\\/www.lop-photography.com\\\/?page_id=287#breadcrumb\"},\"inLanguage\":\"de\",\"potentialAction\":[{\"@type\":\"ReadAction\",\"target\":[\"https:\\\/\\\/www.lop-photography.com\\\/?page_id=287\"]}]},{\"@type\":\"BreadcrumbList\",\"@id\":\"https:\\\/\\\/www.lop-photography.com\\\/?page_id=287#breadcrumb\",\"itemListElement\":[{\"@type\":\"ListItem\",\"position\":1,\"name\":\"Startseite\",\"item\":\"https:\\\/\\\/www.lop-photography.com\\\/\"},{\"@type\":\"ListItem\",\"position\":2,\"name\":\"AGB\"}]},{\"@type\":\"WebSite\",\"@id\":\"https:\\\/\\\/www.lop-photography.com\\\/#website\",\"url\":\"https:\\\/\\\/www.lop-photography.com\\\/\",\"name\":\"Limits of Perception Photography\",\"description\":\"Ihr Fotograf f\u00fcr den Raum G\u00f6ttingen\",\"publisher\":{\"@id\":\"https:\\\/\\\/www.lop-photography.com\\\/#organization\"},\"potentialAction\":[{\"@type\":\"SearchAction\",\"target\":{\"@type\":\"EntryPoint\",\"urlTemplate\":\"https:\\\/\\\/www.lop-photography.com\\\/?s={search_term_string}\"},\"query-input\":{\"@type\":\"PropertyValueSpecification\",\"valueRequired\":true,\"valueName\":\"search_term_string\"}}],\"inLanguage\":\"de\"},{\"@type\":\"Organization\",\"@id\":\"https:\\\/\\\/www.lop-photography.com\\\/#organization\",\"name\":\"Limits of Perception Photography\",\"url\":\"https:\\\/\\\/www.lop-photography.com\\\/\",\"logo\":{\"@type\":\"ImageObject\",\"inLanguage\":\"de\",\"@id\":\"https:\\\/\\\/www.lop-photography.com\\\/#\\\/schema\\\/logo\\\/image\\\/\",\"url\":\"https:\\\/\\\/www.lop-photography.com\\\/wp-content\\\/uploads\\\/2020\\\/12\\\/cropped-Limits-of-Perceptionj-Logo-schwarz-vector-e1607801569299.png\",\"contentUrl\":\"https:\\\/\\\/www.lop-photography.com\\\/wp-content\\\/uploads\\\/2020\\\/12\\\/cropped-Limits-of-Perceptionj-Logo-schwarz-vector-e1607801569299.png\",\"width\":512,\"height\":512,\"caption\":\"Limits of Perception Photography\"},\"image\":{\"@id\":\"https:\\\/\\\/www.lop-photography.com\\\/#\\\/schema\\\/logo\\\/image\\\/\"},\"sameAs\":[\"https:\\\/\\\/m.facebook.com\\\/photographyffm\\\/\",\"https:\\\/\\\/www.instagram.com\\\/limitsofperceptionphotography\\\/\"]}]}<\/script>\n<!-- \/ Yoast SEO plugin. -->","yoast_head_json":{"title":"AGB - Limits of Perception Photography","robots":{"index":"index","follow":"follow","max-snippet":"max-snippet:-1","max-image-preview":"max-image-preview:large","max-video-preview":"max-video-preview:-1"},"canonical":"https:\/\/www.lop-photography.com\/?page_id=287","og_locale":"de_DE","og_type":"article","og_title":"AGB - Limits of Perception Photography","og_description":"Allgemeine Gesch\u00e4ftsbedingungen All\u00adge\u00admeines Die nach\u00adfol\u00adgen\u00adden all\u00adge\u00admeinen Gesch\u00e4fts\u00adbe\u00addin\u00adgun\u00adgen (im Fol\u00adgen\u00adden \u201eAGB\u201c genannt) gel\u00adten f\u00fcr alle dem Fotografen erteil\u00adten Auftr\u00e4ge. Sie gel\u00adten als vere\u00adin\u00adbart, wenn ihnen nicht umge\u00adhend wider\u00adsprochen wird. Wenn der Kunde den AGB wider\u00adsprechen will, ist dieses schriftlich bin\u00adnen drei Werk\u00adta\u00adgen zu erk\u00adl\u00e4ren. Abwe\u00adichen\u00adden Gesch\u00e4fts\u00adbe\u00addin\u00adgun\u00adgen des Kun\u00adden wird hier\u00admit wider\u00adsprochen. Abwe\u00adichende Gesch\u00e4fts\u00adbe\u00addin\u00adgun\u00adgen des Kun\u00adden erlan\u00adgen&hellip;&nbsp;Weiterlesen &raquo;AGB","og_url":"https:\/\/www.lop-photography.com\/?page_id=287","og_site_name":"Limits of Perception Photography","article_publisher":"https:\/\/m.facebook.com\/photographyffm\/","article_modified_time":"2020-12-14T13:30:42+00:00","twitter_card":"summary_large_image","twitter_misc":{"Gesch\u00e4tzte Lesezeit":"8\u00a0Minuten"},"schema":{"@context":"https:\/\/schema.org","@graph":[{"@type":"WebPage","@id":"https:\/\/www.lop-photography.com\/?page_id=287","url":"https:\/\/www.lop-photography.com\/?page_id=287","name":"AGB - Limits of Perception Photography","isPartOf":{"@id":"https:\/\/www.lop-photography.com\/#website"},"datePublished":"2020-12-13T11:26:25+00:00","dateModified":"2020-12-14T13:30:42+00:00","breadcrumb":{"@id":"https:\/\/www.lop-photography.com\/?page_id=287#breadcrumb"},"inLanguage":"de","potentialAction":[{"@type":"ReadAction","target":["https:\/\/www.lop-photography.com\/?page_id=287"]}]},{"@type":"BreadcrumbList","@id":"https:\/\/www.lop-photography.com\/?page_id=287#breadcrumb","itemListElement":[{"@type":"ListItem","position":1,"name":"Startseite","item":"https:\/\/www.lop-photography.com\/"},{"@type":"ListItem","position":2,"name":"AGB"}]},{"@type":"WebSite","@id":"https:\/\/www.lop-photography.com\/#website","url":"https:\/\/www.lop-photography.com\/","name":"Limits of Perception Photography","description":"Ihr Fotograf f\u00fcr den Raum G\u00f6ttingen","publisher":{"@id":"https:\/\/www.lop-photography.com\/#organization"},"potentialAction":[{"@type":"SearchAction","target":{"@type":"EntryPoint","urlTemplate":"https:\/\/www.lop-photography.com\/?s={search_term_string}"},"query-input":{"@type":"PropertyValueSpecification","valueRequired":true,"valueName":"search_term_string"}}],"inLanguage":"de"},{"@type":"Organization","@id":"https:\/\/www.lop-photography.com\/#organization","name":"Limits of Perception Photography","url":"https:\/\/www.lop-photography.com\/","logo":{"@type":"ImageObject","inLanguage":"de","@id":"https:\/\/www.lop-photography.com\/#\/schema\/logo\/image\/","url":"https:\/\/www.lop-photography.com\/wp-content\/uploads\/2020\/12\/cropped-Limits-of-Perceptionj-Logo-schwarz-vector-e1607801569299.png","contentUrl":"https:\/\/www.lop-photography.com\/wp-content\/uploads\/2020\/12\/cropped-Limits-of-Perceptionj-Logo-schwarz-vector-e1607801569299.png","width":512,"height":512,"caption":"Limits of Perception Photography"},"image":{"@id":"https:\/\/www.lop-photography.com\/#\/schema\/logo\/image\/"},"sameAs":["https:\/\/m.facebook.com\/photographyffm\/","https:\/\/www.instagram.com\/limitsofperceptionphotography\/"]}]}},"jetpack_sharing_enabled":true,"_links":{"self":[{"href":"https:\/\/www.lop-photography.com\/index.php?rest_route=\/wp\/v2\/pages\/287","targetHints":{"allow":["GET"]}}],"collection":[{"href":"https:\/\/www.lop-photography.com\/index.php?rest_route=\/wp\/v2\/pages"}],"about":[{"href":"https:\/\/www.lop-photography.com\/index.php?rest_route=\/wp\/v2\/types\/page"}],"author":[{"embeddable":true,"href":"https:\/\/www.lop-photography.com\/index.php?rest_route=\/wp\/v2\/users\/1"}],"replies":[{"embeddable":true,"href":"https:\/\/www.lop-photography.com\/index.php?rest_route=%2Fwp%2Fv2%2Fcomments&post=287"}],"version-history":[{"count":3,"href":"https:\/\/www.lop-photography.com\/index.php?rest_route=\/wp\/v2\/pages\/287\/revisions"}],"predecessor-version":[{"id":394,"href":"https:\/\/www.lop-photography.com\/index.php?rest_route=\/wp\/v2\/pages\/287\/revisions\/394"}],"wp:attachment":[{"href":"https:\/\/www.lop-photography.com\/index.php?rest_route=%2Fwp%2Fv2%2Fmedia&parent=287"}],"curies":[{"name":"wp","href":"https:\/\/api.w.org\/{rel}","templated":true}]}}