{"id":133,"date":"2020-12-12T09:14:21","date_gmt":"2020-12-12T09:14:21","guid":{"rendered":"http:\/\/lop-photography.com\/?page_id=133"},"modified":"2022-03-07T08:33:40","modified_gmt":"2022-03-07T08:33:40","slug":"133-2","status":"publish","type":"page","link":"https:\/\/www.lop-photography.com\/?page_id=133","title":{"rendered":"\u00dcBER MICH"},"content":{"rendered":"\n<div class=\"wp-block-columns is-layout-flex wp-container-core-columns-is-layout-9d6595d7 wp-block-columns-is-layout-flex\">\n<div class=\"wp-block-column is-layout-flow wp-block-column-is-layout-flow\" style=\"flex-basis:100%\"><\/div>\n<\/div>\n\n\n\n<div class=\"wp-block-columns is-layout-flex wp-container-core-columns-is-layout-9d6595d7 wp-block-columns-is-layout-flex\">\n<div class=\"wp-block-column is-layout-flow wp-block-column-is-layout-flow\" style=\"flex-basis:33.33%\">\n<figure class=\"wp-block-image size-large is-resized\"><img loading=\"lazy\" decoding=\"async\" src=\"http:\/\/lop-photography.com\/wp-content\/uploads\/2020\/12\/DSC_0315-1024x684.jpg\" alt=\"\" class=\"wp-image-115\" width=\"380\" height=\"254\" srcset=\"https:\/\/www.lop-photography.com\/wp-content\/uploads\/2020\/12\/DSC_0315-1024x684.jpg 1024w, https:\/\/www.lop-photography.com\/wp-content\/uploads\/2020\/12\/DSC_0315-300x200.jpg 300w, https:\/\/www.lop-photography.com\/wp-content\/uploads\/2020\/12\/DSC_0315-768x513.jpg 768w, https:\/\/www.lop-photography.com\/wp-content\/uploads\/2020\/12\/DSC_0315-1536x1026.jpg 1536w, https:\/\/www.lop-photography.com\/wp-content\/uploads\/2020\/12\/DSC_0315-2048x1368.jpg 2048w, https:\/\/www.lop-photography.com\/wp-content\/uploads\/2020\/12\/DSC_0315-930x620.jpg 930w\" sizes=\"auto, (max-width: 380px) 100vw, 380px\" \/><\/figure>\n\n\n\n<p><\/p>\n<\/div>\n\n\n\n<div class=\"wp-block-column is-layout-flow wp-block-column-is-layout-flow\" style=\"flex-basis:66.66%\">\n<h5 style=\"text-align: center;\"><em>Ein Bild gibt uns das Gef\u00fchl, die ganze Welt in den H\u00e4nden zu halten. Fotos sind Dokumente des Augenblicks, des Lebens, der Geschichte. Die Fotografie verwandelt die Welt in ein ewig fortbestehendes Angebot, aus der Wirklichkeit in das Reich der Fantasie, aus dem Schmerz in die Freude zu fliehen \u2013 durch das Fenster der Seele, das Auge.<\/em><\/h5>\n<h5><em>&#8211;&nbsp; Mario Cohen<\/em><\/h5>\n<h5>&nbsp;<\/h5>\n<h5>Fotografie ist meine Leidenschaft die ich bereits seit meiner Jugend verfolge&nbsp;(u.a. in der Schule). Angefangen hat alles&nbsp;mit einer Canon T50 und der Anfrage von einem Fotografen als TFP Modell t\u00e4tig zu werden. So stand ich erstmals vor der Kamera und konnte mal die andere Seite kennenlernen.<\/h5>\n<p>&nbsp;<\/p>\n<h5>Mit 16 erlangte ich meinen Tauchschein in \u00c4gypten und begann mich in die Unterwasserfotografie zu vertiefen. Nach mehreren Jahren Erfahrung entschloss ich mich 2003 mich dann dazu, Unterwasserfotografie als Tauchlehrer zu unterrichten.<\/h5>\n<p>&nbsp;<\/p>\n<h5>Nun folgten mehrere Shootings in Australien &#8211; ein Land in dem ich lange lebte und auch viel auf Bildern festhalten konnte.<\/h5>\n<p>&nbsp;<\/p>\n<h5>Der Name Limits of Perception Photography entstand 2020. Unsere limitierte Wahrnehmung l\u00e4sst Bilder \/ T\u00e4uschungen in unserem Kopf entstehen. Das Bild unseres Auges entspricht nicht immer der Realit\u00e4t. Dies merken wir dann sp\u00e4ter auf unseren Bildschirm.&nbsp; Als Fotograf ist es mein Job jemanden im sch\u00f6nsten und besten Augenblick festzuhalten. Licht&nbsp; und Schatten hilft mir dabei diesen Moment kreativ zu gestalten und nutzen.<\/h5>\n<p>&nbsp;<\/p>\n<h5>Fotografie ist der sch\u00f6nste Weg Momente und Emotionen festzuhalten.<\/h5>\n<p>&nbsp;<\/p>\n<h5>Es gibt keine h\u00e4ssliche Menschen &#8211; JEDER ist fotogen!<\/h5>\n<p>&nbsp;<\/p>\n<h5>&nbsp;<\/h5>\n<h3>&nbsp;<\/h3>\n<\/div>\n<\/div>\n\n\n\n<p><\/p>\n","protected":false},"excerpt":{"rendered":"<p>Ein Bild gibt uns das Gef\u00fchl, die ganze Welt in den H\u00e4nden zu halten. Fotos sind Dokumente des Augenblicks, des Lebens, der Geschichte. Die Fotografie verwandelt die Welt in ein ewig fortbestehendes Angebot, aus der Wirklichkeit in das Reich der Fantasie, aus dem Schmerz in die Freude zu fliehen \u2013 durch das Fenster der Seele,&hellip;&nbsp;<a href=\"https:\/\/www.lop-photography.com\/?page_id=133\" rel=\"bookmark\">Weiterlesen &raquo;<span class=\"screen-reader-text\">\u00dcBER MICH<\/span><\/a><\/p>\n","protected":false},"author":1,"featured_media":115,"parent":0,"menu_order":0,"comment_status":"closed","ping_status":"closed","template":"","meta":{"neve_meta_sidebar":"full-width","neve_meta_container":"contained","neve_meta_enable_content_width":"on","neve_meta_content_width":100,"neve_meta_title_alignment":"center","neve_meta_author_avatar":"","neve_post_elements_order":"","neve_meta_disable_header":"","neve_meta_disable_footer":"","neve_meta_disable_title":"","ngg_post_thumbnail":0,"footnotes":""},"class_list":["post-133","page","type-page","status-publish","has-post-thumbnail","hentry"],"yoast_head":"<!-- This site is optimized with the Yoast SEO plugin v27.4 - https:\/\/yoast.com\/product\/yoast-seo-wordpress\/ -->\n<title>\u00dcBER MICH - Limits of Perception Photography<\/title>\n<meta name=\"description\" content=\"Willkommen auf LOP - Photography\u00a0 -\u00a0 Ihrem Fotografen f\u00fcr Portrait, Hochzeit, Familien, Produkt, Gastronomie, Gewerbliche,\u00a0 Outdoor und Aktfotografie Frankfurt und Rhein Main\" \/>\n<meta name=\"robots\" content=\"index, follow, max-snippet:-1, max-image-preview:large, max-video-preview:-1\" \/>\n<link rel=\"canonical\" href=\"https:\/\/www.lop-photography.com\/?page_id=133\" \/>\n<meta property=\"og:locale\" content=\"de_DE\" \/>\n<meta property=\"og:type\" content=\"article\" \/>\n<meta property=\"og:title\" content=\"Limits of Perception Photography\" \/>\n<meta property=\"og:description\" content=\"Willkommen auf LOP - Photography\u00a0 -\u00a0 Ihrem Fotografen f\u00fcr Portrait, Hochzeit, Familien, Produkt, Gastronomie, Gewerbliche,\u00a0 Outdoor und Aktfotografie.\" \/>\n<meta property=\"og:url\" content=\"https:\/\/www.lop-photography.com\/?page_id=133\" \/>\n<meta property=\"og:site_name\" content=\"Limits of Perception Photography\" \/>\n<meta property=\"article:publisher\" content=\"https:\/\/m.facebook.com\/photographyffm\/\" \/>\n<meta property=\"article:modified_time\" content=\"2022-03-07T08:33:40+00:00\" \/>\n<meta property=\"og:image\" content=\"https:\/\/www.lop-photography.com\/wp-content\/uploads\/2020\/12\/DSC_0315-scaled.jpg\" \/>\n\t<meta property=\"og:image:width\" content=\"3952\" \/>\n\t<meta property=\"og:image:height\" content=\"2640\" \/>\n\t<meta property=\"og:image:type\" content=\"image\/jpeg\" \/>\n<meta name=\"twitter:card\" content=\"summary_large_image\" \/>\n<meta name=\"twitter:image\" content=\"https:\/\/www.lop-photography.com\/wp-content\/uploads\/2020\/12\/DSC_0315-scaled.jpg\" \/>\n<meta name=\"twitter:label1\" content=\"Gesch\u00e4tzte Lesezeit\" \/>\n\t<meta name=\"twitter:data1\" content=\"2\u00a0Minuten\" \/>\n<script type=\"application\/ld+json\" class=\"yoast-schema-graph\">{\"@context\":\"https:\\\/\\\/schema.org\",\"@graph\":[{\"@type\":\"WebPage\",\"@id\":\"https:\\\/\\\/www.lop-photography.com\\\/?page_id=133\",\"url\":\"https:\\\/\\\/www.lop-photography.com\\\/?page_id=133\",\"name\":\"\u00dcBER MICH - Limits of Perception Photography\",\"isPartOf\":{\"@id\":\"https:\\\/\\\/www.lop-photography.com\\\/#website\"},\"primaryImageOfPage\":{\"@id\":\"https:\\\/\\\/www.lop-photography.com\\\/?page_id=133#primaryimage\"},\"image\":{\"@id\":\"https:\\\/\\\/www.lop-photography.com\\\/?page_id=133#primaryimage\"},\"thumbnailUrl\":\"https:\\\/\\\/www.lop-photography.com\\\/wp-content\\\/uploads\\\/2020\\\/12\\\/DSC_0315-scaled.jpg\",\"datePublished\":\"2020-12-12T09:14:21+00:00\",\"dateModified\":\"2022-03-07T08:33:40+00:00\",\"description\":\"Willkommen auf LOP - Photography\u00a0 -\u00a0 Ihrem Fotografen f\u00fcr Portrait, Hochzeit, Familien, Produkt, Gastronomie, Gewerbliche,\u00a0 Outdoor und Aktfotografie Frankfurt und Rhein Main\",\"breadcrumb\":{\"@id\":\"https:\\\/\\\/www.lop-photography.com\\\/?page_id=133#breadcrumb\"},\"inLanguage\":\"de\",\"potentialAction\":[{\"@type\":\"ReadAction\",\"target\":[\"https:\\\/\\\/www.lop-photography.com\\\/?page_id=133\"]}]},{\"@type\":\"ImageObject\",\"inLanguage\":\"de\",\"@id\":\"https:\\\/\\\/www.lop-photography.com\\\/?page_id=133#primaryimage\",\"url\":\"https:\\\/\\\/www.lop-photography.com\\\/wp-content\\\/uploads\\\/2020\\\/12\\\/DSC_0315-scaled.jpg\",\"contentUrl\":\"https:\\\/\\\/www.lop-photography.com\\\/wp-content\\\/uploads\\\/2020\\\/12\\\/DSC_0315-scaled.jpg\",\"width\":3952,\"height\":2640,\"caption\":\"Limits of Perception Photography Bild des Fotografen\"},{\"@type\":\"BreadcrumbList\",\"@id\":\"https:\\\/\\\/www.lop-photography.com\\\/?page_id=133#breadcrumb\",\"itemListElement\":[{\"@type\":\"ListItem\",\"position\":1,\"name\":\"Startseite\",\"item\":\"https:\\\/\\\/www.lop-photography.com\\\/\"},{\"@type\":\"ListItem\",\"position\":2,\"name\":\"\u00dcBER MICH\"}]},{\"@type\":\"WebSite\",\"@id\":\"https:\\\/\\\/www.lop-photography.com\\\/#website\",\"url\":\"https:\\\/\\\/www.lop-photography.com\\\/\",\"name\":\"Limits of Perception Photography\",\"description\":\"Ihr Fotograf f\u00fcr den Raum G\u00f6ttingen\",\"publisher\":{\"@id\":\"https:\\\/\\\/www.lop-photography.com\\\/#organization\"},\"potentialAction\":[{\"@type\":\"SearchAction\",\"target\":{\"@type\":\"EntryPoint\",\"urlTemplate\":\"https:\\\/\\\/www.lop-photography.com\\\/?s={search_term_string}\"},\"query-input\":{\"@type\":\"PropertyValueSpecification\",\"valueRequired\":true,\"valueName\":\"search_term_string\"}}],\"inLanguage\":\"de\"},{\"@type\":\"Organization\",\"@id\":\"https:\\\/\\\/www.lop-photography.com\\\/#organization\",\"name\":\"Limits of Perception Photography\",\"url\":\"https:\\\/\\\/www.lop-photography.com\\\/\",\"logo\":{\"@type\":\"ImageObject\",\"inLanguage\":\"de\",\"@id\":\"https:\\\/\\\/www.lop-photography.com\\\/#\\\/schema\\\/logo\\\/image\\\/\",\"url\":\"https:\\\/\\\/www.lop-photography.com\\\/wp-content\\\/uploads\\\/2020\\\/12\\\/cropped-Limits-of-Perceptionj-Logo-schwarz-vector-e1607801569299.png\",\"contentUrl\":\"https:\\\/\\\/www.lop-photography.com\\\/wp-content\\\/uploads\\\/2020\\\/12\\\/cropped-Limits-of-Perceptionj-Logo-schwarz-vector-e1607801569299.png\",\"width\":512,\"height\":512,\"caption\":\"Limits of Perception Photography\"},\"image\":{\"@id\":\"https:\\\/\\\/www.lop-photography.com\\\/#\\\/schema\\\/logo\\\/image\\\/\"},\"sameAs\":[\"https:\\\/\\\/m.facebook.com\\\/photographyffm\\\/\",\"https:\\\/\\\/www.instagram.com\\\/limitsofperceptionphotography\\\/\"]}]}<\/script>\n<!-- \/ Yoast SEO plugin. -->","yoast_head_json":{"title":"\u00dcBER MICH - Limits of Perception Photography","description":"Willkommen auf LOP - Photography\u00a0 -\u00a0 Ihrem Fotografen f\u00fcr Portrait, Hochzeit, Familien, Produkt, Gastronomie, Gewerbliche,\u00a0 Outdoor und Aktfotografie Frankfurt und Rhein Main","robots":{"index":"index","follow":"follow","max-snippet":"max-snippet:-1","max-image-preview":"max-image-preview:large","max-video-preview":"max-video-preview:-1"},"canonical":"https:\/\/www.lop-photography.com\/?page_id=133","og_locale":"de_DE","og_type":"article","og_title":"Limits of Perception Photography","og_description":"Willkommen auf LOP - Photography\u00a0 -\u00a0 Ihrem Fotografen f\u00fcr Portrait, Hochzeit, Familien, Produkt, Gastronomie, Gewerbliche,\u00a0 Outdoor und Aktfotografie.","og_url":"https:\/\/www.lop-photography.com\/?page_id=133","og_site_name":"Limits of Perception Photography","article_publisher":"https:\/\/m.facebook.com\/photographyffm\/","article_modified_time":"2022-03-07T08:33:40+00:00","og_image":[{"width":3952,"height":2640,"url":"https:\/\/www.lop-photography.com\/wp-content\/uploads\/2020\/12\/DSC_0315-scaled.jpg","type":"image\/jpeg"}],"twitter_card":"summary_large_image","twitter_image":"https:\/\/www.lop-photography.com\/wp-content\/uploads\/2020\/12\/DSC_0315-scaled.jpg","twitter_misc":{"Gesch\u00e4tzte Lesezeit":"2\u00a0Minuten"},"schema":{"@context":"https:\/\/schema.org","@graph":[{"@type":"WebPage","@id":"https:\/\/www.lop-photography.com\/?page_id=133","url":"https:\/\/www.lop-photography.com\/?page_id=133","name":"\u00dcBER MICH - Limits of Perception Photography","isPartOf":{"@id":"https:\/\/www.lop-photography.com\/#website"},"primaryImageOfPage":{"@id":"https:\/\/www.lop-photography.com\/?page_id=133#primaryimage"},"image":{"@id":"https:\/\/www.lop-photography.com\/?page_id=133#primaryimage"},"thumbnailUrl":"https:\/\/www.lop-photography.com\/wp-content\/uploads\/2020\/12\/DSC_0315-scaled.jpg","datePublished":"2020-12-12T09:14:21+00:00","dateModified":"2022-03-07T08:33:40+00:00","description":"Willkommen auf LOP - Photography\u00a0 -\u00a0 Ihrem Fotografen f\u00fcr Portrait, Hochzeit, Familien, Produkt, Gastronomie, Gewerbliche,\u00a0 Outdoor und Aktfotografie Frankfurt und Rhein Main","breadcrumb":{"@id":"https:\/\/www.lop-photography.com\/?page_id=133#breadcrumb"},"inLanguage":"de","potentialAction":[{"@type":"ReadAction","target":["https:\/\/www.lop-photography.com\/?page_id=133"]}]},{"@type":"ImageObject","inLanguage":"de","@id":"https:\/\/www.lop-photography.com\/?page_id=133#primaryimage","url":"https:\/\/www.lop-photography.com\/wp-content\/uploads\/2020\/12\/DSC_0315-scaled.jpg","contentUrl":"https:\/\/www.lop-photography.com\/wp-content\/uploads\/2020\/12\/DSC_0315-scaled.jpg","width":3952,"height":2640,"caption":"Limits of Perception Photography Bild des Fotografen"},{"@type":"BreadcrumbList","@id":"https:\/\/www.lop-photography.com\/?page_id=133#breadcrumb","itemListElement":[{"@type":"ListItem","position":1,"name":"Startseite","item":"https:\/\/www.lop-photography.com\/"},{"@type":"ListItem","position":2,"name":"\u00dcBER MICH"}]},{"@type":"WebSite","@id":"https:\/\/www.lop-photography.com\/#website","url":"https:\/\/www.lop-photography.com\/","name":"Limits of Perception Photography","description":"Ihr Fotograf f\u00fcr den Raum G\u00f6ttingen","publisher":{"@id":"https:\/\/www.lop-photography.com\/#organization"},"potentialAction":[{"@type":"SearchAction","target":{"@type":"EntryPoint","urlTemplate":"https:\/\/www.lop-photography.com\/?s={search_term_string}"},"query-input":{"@type":"PropertyValueSpecification","valueRequired":true,"valueName":"search_term_string"}}],"inLanguage":"de"},{"@type":"Organization","@id":"https:\/\/www.lop-photography.com\/#organization","name":"Limits of Perception Photography","url":"https:\/\/www.lop-photography.com\/","logo":{"@type":"ImageObject","inLanguage":"de","@id":"https:\/\/www.lop-photography.com\/#\/schema\/logo\/image\/","url":"https:\/\/www.lop-photography.com\/wp-content\/uploads\/2020\/12\/cropped-Limits-of-Perceptionj-Logo-schwarz-vector-e1607801569299.png","contentUrl":"https:\/\/www.lop-photography.com\/wp-content\/uploads\/2020\/12\/cropped-Limits-of-Perceptionj-Logo-schwarz-vector-e1607801569299.png","width":512,"height":512,"caption":"Limits of Perception Photography"},"image":{"@id":"https:\/\/www.lop-photography.com\/#\/schema\/logo\/image\/"},"sameAs":["https:\/\/m.facebook.com\/photographyffm\/","https:\/\/www.instagram.com\/limitsofperceptionphotography\/"]}]}},"jetpack_sharing_enabled":true,"_links":{"self":[{"href":"https:\/\/www.lop-photography.com\/index.php?rest_route=\/wp\/v2\/pages\/133","targetHints":{"allow":["GET"]}}],"collection":[{"href":"https:\/\/www.lop-photography.com\/index.php?rest_route=\/wp\/v2\/pages"}],"about":[{"href":"https:\/\/www.lop-photography.com\/index.php?rest_route=\/wp\/v2\/types\/page"}],"author":[{"embeddable":true,"href":"https:\/\/www.lop-photography.com\/index.php?rest_route=\/wp\/v2\/users\/1"}],"replies":[{"embeddable":true,"href":"https:\/\/www.lop-photography.com\/index.php?rest_route=%2Fwp%2Fv2%2Fcomments&post=133"}],"version-history":[{"count":26,"href":"https:\/\/www.lop-photography.com\/index.php?rest_route=\/wp\/v2\/pages\/133\/revisions"}],"predecessor-version":[{"id":782,"href":"https:\/\/www.lop-photography.com\/index.php?rest_route=\/wp\/v2\/pages\/133\/revisions\/782"}],"wp:featuredmedia":[{"embeddable":true,"href":"https:\/\/www.lop-photography.com\/index.php?rest_route=\/wp\/v2\/media\/115"}],"wp:attachment":[{"href":"https:\/\/www.lop-photography.com\/index.php?rest_route=%2Fwp%2Fv2%2Fmedia&parent=133"}],"curies":[{"name":"wp","href":"https:\/\/api.w.org\/{rel}","templated":true}]}}